{"id":691,"date":"2025-06-26T21:22:34","date_gmt":"2025-06-26T21:22:34","guid":{"rendered":"https:\/\/medicinaesteticavipau.com\/?page_id=691"},"modified":"2025-07-04T21:38:47","modified_gmt":"2025-07-04T21:38:47","slug":"aviso-legal","status":"publish","type":"page","link":"https:\/\/medicinaesteticavipau.com\/ca\/aviso-legal\/","title":{"rendered":"Av\u00eds legal"},"content":{"rendered":"<div data-elementor-type=\"wp-page\" data-elementor-id=\"691\" class=\"elementor elementor-691\" data-elementor-post-type=\"page\">\n\t\t\t\t<div class=\"elementor-element elementor-element-256b71a e-flex e-con-boxed e-con e-parent\" data-id=\"256b71a\" data-element_type=\"container\" data-settings=\"{&quot;background_background&quot;:&quot;classic&quot;}\">\n\t\t\t\t\t<div class=\"e-con-inner\">\n\t\t<div class=\"elementor-element elementor-element-b7d3a49 e-con-full e-flex e-con e-child\" data-id=\"b7d3a49\" data-element_type=\"container\">\n\t\t\t\t<div class=\"elementor-element elementor-element-6fe447f elementor-widget__width-initial elementor-widget-tablet__width-inherit elementor-widget elementor-widget-heading\" data-id=\"6fe447f\" data-element_type=\"widget\" data-widget_type=\"heading.default\">\n\t\t\t\t<div class=\"elementor-widget-container\">\n\t\t\t\t\t<h1 class=\"elementor-heading-title elementor-size-default\">Av\u00eds legal<\/h1>\t\t\t\t<\/div>\n\t\t\t\t<\/div>\n\t\t\t\t<\/div>\n\t\t\t\t\t<\/div>\n\t\t\t\t<\/div>\n\t\t<div class=\"elementor-element elementor-element-0af0e87 e-flex e-con-boxed e-con e-parent\" data-id=\"0af0e87\" data-element_type=\"container\">\n\t\t\t\t\t<div class=\"e-con-inner\">\n\t\t\t\t<div class=\"elementor-element elementor-element-2ef4f92 elementor-widget elementor-widget-text-editor\" data-id=\"2ef4f92\" data-element_type=\"widget\" data-widget_type=\"text-editor.default\">\n\t\t\t\t<div class=\"elementor-widget-container\">\n\t\t\t\t\t\t\t\t\t<p data-start=\"331\" data-end=\"506\">En compliment amb el deure informaci\u00f3 recollit a l&#039;article 10 de la Llei 34\/2002, de Serveis de la Societat de la Informaci\u00f3 i del Comer\u00e7 Electr\u00f2nic, s&#039;informa:<\/p><p data-start=\"508\" data-end=\"733\"><strong data-start=\"508\" data-end=\"534\">Titular del lloc web:<\/strong> VIPAU Centre m\u00e8dic i est\u00e8tica avan\u00e7ada a Sabadell<br data-start=\"581\" data-end=\"584\" \/><strong data-start=\"584\" data-end=\"592\">NIF:<\/strong> [NIF]<br data-start=\"598\" data-end=\"601\" \/><strong data-start=\"601\" data-end=\"615\">Domicili:<\/strong> <span style=\"font-weight: 400;\">Carrer Francesc Layret, 3, 08208 Sabadell, Barcelona<\/span><br data-start=\"636\" data-end=\"639\" \/><strong data-start=\"639\" data-end=\"674\">Correu electr\u00f2nic de contacte:<\/strong> info@medicinaesteticavipau.com<br data-start=\"694\" data-end=\"697\" \/><strong data-start=\"697\" data-end=\"710\">Tel\u00e8fon:<\/strong> 631034299<\/p><p data-start=\"735\" data-end=\"895\"><strong data-start=\"735\" data-end=\"746\">Objecte:<\/strong><br data-start=\"746\" data-end=\"749\" \/>Aquest lloc web t\u00e9 per objecte informar sobre els serveis d&#039;est\u00e8tica avan\u00e7ada i tractaments m\u00e8dics oferts per [Nom del Centro].<\/p><p data-start=\"897\" data-end=\"1147\"><strong data-start=\"897\" data-end=\"920\">Condicions d&#039;\u00fas:<\/strong><br data-start=\"920\" data-end=\"923\" \/>L&#039;acc\u00e9s i la navegaci\u00f3 en aquest lloc web atribueixen la condici\u00f3 d&#039;usuari i impliquen l&#039;acceptaci\u00f3 plena i sense reserves de les disposicions incloses en aquest av\u00eds legal, que es podran modificar en qualsevol moment.<\/p><p data-start=\"1149\" data-end=\"1410\"><strong data-start=\"1149\" data-end=\"1188\">Propietat intel\u00b7lectual i industrial:<\/strong><br data-start=\"1188\" data-end=\"1191\" \/>Els continguts d&#039;aquest lloc web, textos, imatges i disseny gr\u00e0fic s\u00f3n propietat de [Nom del Centre] o de tercers que n&#039;han autoritzat l&#039;\u00fas. Queda prohibida la reproducci\u00f3 total o parcial sense autoritzaci\u00f3 expressa.<\/p><p data-start=\"1412\" data-end=\"1583\"><strong data-start=\"1412\" data-end=\"1432\">Responsabilitat:<\/strong><br data-start=\"1432\" data-end=\"1435\" \/>El titular no es responsabilitza del mal \u00fas dels continguts del lloc web ni de danys o perjudicis que puguin derivar-se de l\u00fas de la informaci\u00f3.<\/p><p data-start=\"1585\" data-end=\"1669\"><strong data-start=\"1585\" data-end=\"1611\">Legislaci\u00f3 aplicable:<\/strong><br data-start=\"1611\" data-end=\"1614\" \/>Aquestes condicions es regeixen per la legislaci\u00f3 espanyola.<\/p><div id=\"ag-1751664387010\">\u00a0<\/div><p><script src=\"chrome-extension:\/\/bincmiainjofjnhchmcalkanjebghoen\/aiscripts\/script-main.js\"><\/script><\/p><div id=\"ag-1751664688873\">\u00a0<\/div>\t\t\t\t\t\t\t\t<\/div>\n\t\t\t\t<\/div>\n\t\t\t\t\t<\/div>\n\t\t\t\t<\/div>\n\t\t\t\t<\/div>","protected":false},"excerpt":{"rendered":"<p>En cumplimiento con el deber de informaci\u00f3n recogido en el art\u00edculo 10 de la Ley 34\/2002, de Servicios de la [&hellip;]<\/p>","protected":false},"author":1,"featured_media":0,"parent":0,"menu_order":0,"comment_status":"closed","ping_status":"closed","template":"","meta":{"site-sidebar-layout":"no-sidebar","site-content-layout":"","ast-site-content-layout":"full-width-container","site-content-style":"default","site-sidebar-style":"default","ast-global-header-display":"","ast-banner-title-visibility":"","ast-main-header-display":"","ast-hfb-above-header-display":"","ast-hfb-below-header-display":"","ast-hfb-mobile-header-display":"","site-post-title":"disabled","ast-breadcrumbs-content":"","ast-featured-img":"disabled","footer-sml-layout":"","theme-transparent-header-meta":"","adv-header-id-meta":"","stick-header-meta":"","header-above-stick-meta":"","header-main-stick-meta":"","header-below-stick-meta":"","astra-migrate-meta-layouts":"default","ast-page-background-enabled":"default","ast-page-background-meta":{"desktop":{"background-color":"var(--ast-global-color-5)","background-image":"","background-repeat":"repeat","background-position":"center center","background-size":"auto","background-attachment":"scroll","background-type":"","background-media":"","overlay-type":"","overlay-color":"","overlay-opacity":"","overlay-gradient":""},"tablet":{"background-color":"","background-image":"","background-repeat":"repeat","background-position":"center center","background-size":"auto","background-attachment":"scroll","background-type":"","background-media":"","overlay-type":"","overlay-color":"","overlay-opacity":"","overlay-gradient":""},"mobile":{"background-color":"","background-image":"","background-repeat":"repeat","background-position":"center center","background-size":"auto","background-attachment":"scroll","background-type":"","background-media":"","overlay-type":"","overlay-color":"","overlay-opacity":"","overlay-gradient":""}},"ast-content-background-meta":{"desktop":{"background-color":"var(--ast-global-color-4)","background-image":"","background-repeat":"repeat","background-position":"center center","background-size":"auto","background-attachment":"scroll","background-type":"","background-media":"","overlay-type":"","overlay-color":"","overlay-opacity":"","overlay-gradient":""},"tablet":{"background-color":"var(--ast-global-color-4)","background-image":"","background-repeat":"repeat","background-position":"center center","background-size":"auto","background-attachment":"scroll","background-type":"","background-media":"","overlay-type":"","overlay-color":"","overlay-opacity":"","overlay-gradient":""},"mobile":{"background-color":"var(--ast-global-color-4)","background-image":"","background-repeat":"repeat","background-position":"center center","background-size":"auto","background-attachment":"scroll","background-type":"","background-media":"","overlay-type":"","overlay-color":"","overlay-opacity":"","overlay-gradient":""}},"_joinchat":[],"footnotes":""},"class_list":["post-691","page","type-page","status-publish","hentry"],"yoast_head":"<!-- This site is optimized with the Yoast SEO plugin v26.1.1 - https:\/\/yoast.com\/wordpress\/plugins\/seo\/ -->\n<title>Aviso legal - VIPAU Sabadell<\/title>\n<meta name=\"robots\" content=\"index, follow, max-snippet:-1, max-image-preview:large, max-video-preview:-1\" \/>\n<link rel=\"canonical\" href=\"https:\/\/medicinaesteticavipau.com\/ca\/aviso-legal\/\" \/>\n<meta property=\"og:locale\" content=\"ca_ES\" \/>\n<meta property=\"og:type\" content=\"article\" \/>\n<meta property=\"og:title\" content=\"Aviso legal - VIPAU Sabadell\" \/>\n<meta property=\"og:description\" content=\"En cumplimiento con el deber de informaci\u00f3n recogido en el art\u00edculo 10 de la Ley 34\/2002, de Servicios de la [&hellip;]\" \/>\n<meta property=\"og:url\" content=\"https:\/\/medicinaesteticavipau.com\/ca\/aviso-legal\/\" \/>\n<meta property=\"og:site_name\" content=\"VIPAU Sabadell\" \/>\n<meta property=\"article:modified_time\" content=\"2025-07-04T21:38:47+00:00\" \/>\n<meta name=\"twitter:card\" content=\"summary_large_image\" \/>\n<meta name=\"twitter:label1\" content=\"Temps estimat de lectura\" \/>\n\t<meta name=\"twitter:data1\" content=\"1 minut\" \/>\n<script type=\"application\/ld+json\" class=\"yoast-schema-graph\">{\"@context\":\"https:\/\/schema.org\",\"@graph\":[{\"@type\":\"WebPage\",\"@id\":\"https:\/\/medicinaesteticavipau.com\/aviso-legal\/\",\"url\":\"https:\/\/medicinaesteticavipau.com\/aviso-legal\/\",\"name\":\"Aviso legal - VIPAU Sabadell\",\"isPartOf\":{\"@id\":\"https:\/\/medicinaesteticavipau.com\/#website\"},\"datePublished\":\"2025-06-26T21:22:34+00:00\",\"dateModified\":\"2025-07-04T21:38:47+00:00\",\"breadcrumb\":{\"@id\":\"https:\/\/medicinaesteticavipau.com\/aviso-legal\/#breadcrumb\"},\"inLanguage\":\"ca\",\"potentialAction\":[{\"@type\":\"ReadAction\",\"target\":[\"https:\/\/medicinaesteticavipau.com\/aviso-legal\/\"]}]},{\"@type\":\"BreadcrumbList\",\"@id\":\"https:\/\/medicinaesteticavipau.com\/aviso-legal\/#breadcrumb\",\"itemListElement\":[{\"@type\":\"ListItem\",\"position\":1,\"name\":\"Portada\",\"item\":\"https:\/\/medicinaesteticavipau.com\/\"},{\"@type\":\"ListItem\",\"position\":2,\"name\":\"Aviso legal\"}]},{\"@type\":\"WebSite\",\"@id\":\"https:\/\/medicinaesteticavipau.com\/#website\",\"url\":\"https:\/\/medicinaesteticavipau.com\/\",\"name\":\"VIPAU Sabadell\",\"description\":\"Centre m\u00e9dic i est\u00e9tica avan\u00e7ada\",\"publisher\":{\"@id\":\"https:\/\/medicinaesteticavipau.com\/#organization\"},\"potentialAction\":[{\"@type\":\"SearchAction\",\"target\":{\"@type\":\"EntryPoint\",\"urlTemplate\":\"https:\/\/medicinaesteticavipau.com\/?s={search_term_string}\"},\"query-input\":{\"@type\":\"PropertyValueSpecification\",\"valueRequired\":true,\"valueName\":\"search_term_string\"}}],\"inLanguage\":\"ca\"},{\"@type\":\"Organization\",\"@id\":\"https:\/\/medicinaesteticavipau.com\/#organization\",\"name\":\"VIPAU Sabadell\",\"url\":\"https:\/\/medicinaesteticavipau.com\/\",\"logo\":{\"@type\":\"ImageObject\",\"inLanguage\":\"ca\",\"@id\":\"https:\/\/medicinaesteticavipau.com\/#\/schema\/logo\/image\/\",\"url\":\"https:\/\/medicinaesteticavipau.com\/wp-content\/uploads\/2025\/06\/cropped-Vipau-logo-scaled-1.png\",\"contentUrl\":\"https:\/\/medicinaesteticavipau.com\/wp-content\/uploads\/2025\/06\/cropped-Vipau-logo-scaled-1.png\",\"width\":2557,\"height\":2090,\"caption\":\"VIPAU Sabadell\"},\"image\":{\"@id\":\"https:\/\/medicinaesteticavipau.com\/#\/schema\/logo\/image\/\"}}]}<\/script>\n<!-- \/ Yoast SEO plugin. -->","yoast_head_json":{"title":"Aviso legal - VIPAU Sabadell","robots":{"index":"index","follow":"follow","max-snippet":"max-snippet:-1","max-image-preview":"max-image-preview:large","max-video-preview":"max-video-preview:-1"},"canonical":"https:\/\/medicinaesteticavipau.com\/ca\/aviso-legal\/","og_locale":"ca_ES","og_type":"article","og_title":"Aviso legal - VIPAU Sabadell","og_description":"En cumplimiento con el deber de informaci\u00f3n recogido en el art\u00edculo 10 de la Ley 34\/2002, de Servicios de la [&hellip;]","og_url":"https:\/\/medicinaesteticavipau.com\/ca\/aviso-legal\/","og_site_name":"VIPAU Sabadell","article_modified_time":"2025-07-04T21:38:47+00:00","twitter_card":"summary_large_image","twitter_misc":{"Temps estimat de lectura":"1 minut"},"schema":{"@context":"https:\/\/schema.org","@graph":[{"@type":"WebPage","@id":"https:\/\/medicinaesteticavipau.com\/aviso-legal\/","url":"https:\/\/medicinaesteticavipau.com\/aviso-legal\/","name":"Aviso legal - VIPAU Sabadell","isPartOf":{"@id":"https:\/\/medicinaesteticavipau.com\/#website"},"datePublished":"2025-06-26T21:22:34+00:00","dateModified":"2025-07-04T21:38:47+00:00","breadcrumb":{"@id":"https:\/\/medicinaesteticavipau.com\/aviso-legal\/#breadcrumb"},"inLanguage":"ca","potentialAction":[{"@type":"ReadAction","target":["https:\/\/medicinaesteticavipau.com\/aviso-legal\/"]}]},{"@type":"BreadcrumbList","@id":"https:\/\/medicinaesteticavipau.com\/aviso-legal\/#breadcrumb","itemListElement":[{"@type":"ListItem","position":1,"name":"Portada","item":"https:\/\/medicinaesteticavipau.com\/"},{"@type":"ListItem","position":2,"name":"Aviso legal"}]},{"@type":"WebSite","@id":"https:\/\/medicinaesteticavipau.com\/#website","url":"https:\/\/medicinaesteticavipau.com\/","name":"VIPAU Sabadell","description":"Centre m\u00e8dic i est\u00e8tica avanzada","publisher":{"@id":"https:\/\/medicinaesteticavipau.com\/#organization"},"potentialAction":[{"@type":"SearchAction","target":{"@type":"EntryPoint","urlTemplate":"https:\/\/medicinaesteticavipau.com\/?s={search_term_string}"},"query-input":{"@type":"PropertyValueSpecification","valueRequired":true,"valueName":"search_term_string"}}],"inLanguage":"ca"},{"@type":"Organization","@id":"https:\/\/medicinaesteticavipau.com\/#organization","name":"VIPAU Sabadell","url":"https:\/\/medicinaesteticavipau.com\/","logo":{"@type":"ImageObject","inLanguage":"ca","@id":"https:\/\/medicinaesteticavipau.com\/#\/schema\/logo\/image\/","url":"https:\/\/medicinaesteticavipau.com\/wp-content\/uploads\/2025\/06\/cropped-Vipau-logo-scaled-1.png","contentUrl":"https:\/\/medicinaesteticavipau.com\/wp-content\/uploads\/2025\/06\/cropped-Vipau-logo-scaled-1.png","width":2557,"height":2090,"caption":"VIPAU Sabadell"},"image":{"@id":"https:\/\/medicinaesteticavipau.com\/#\/schema\/logo\/image\/"}}]}},"_links":{"self":[{"href":"https:\/\/medicinaesteticavipau.com\/ca\/wp-json\/wp\/v2\/pages\/691","targetHints":{"allow":["GET"]}}],"collection":[{"href":"https:\/\/medicinaesteticavipau.com\/ca\/wp-json\/wp\/v2\/pages"}],"about":[{"href":"https:\/\/medicinaesteticavipau.com\/ca\/wp-json\/wp\/v2\/types\/page"}],"author":[{"embeddable":true,"href":"https:\/\/medicinaesteticavipau.com\/ca\/wp-json\/wp\/v2\/users\/1"}],"replies":[{"embeddable":true,"href":"https:\/\/medicinaesteticavipau.com\/ca\/wp-json\/wp\/v2\/comments?post=691"}],"version-history":[{"count":22,"href":"https:\/\/medicinaesteticavipau.com\/ca\/wp-json\/wp\/v2\/pages\/691\/revisions"}],"predecessor-version":[{"id":984,"href":"https:\/\/medicinaesteticavipau.com\/ca\/wp-json\/wp\/v2\/pages\/691\/revisions\/984"}],"wp:attachment":[{"href":"https:\/\/medicinaesteticavipau.com\/ca\/wp-json\/wp\/v2\/media?parent=691"}],"curies":[{"name":"wp","href":"https:\/\/api.w.org\/{rel}","templated":true}]}}