{"id":697,"date":"2025-06-26T21:23:10","date_gmt":"2025-06-26T21:23:10","guid":{"rendered":"https:\/\/medicinaesteticavipau.com\/?page_id=697"},"modified":"2025-07-04T21:39:59","modified_gmt":"2025-07-04T21:39:59","slug":"politica-de-privacidad","status":"publish","type":"page","link":"https:\/\/medicinaesteticavipau.com\/ca\/politica-de-privacidad\/","title":{"rendered":"Pol\u00edtica de privadesa"},"content":{"rendered":"<div data-elementor-type=\"wp-page\" data-elementor-id=\"697\" class=\"elementor elementor-697\" data-elementor-post-type=\"page\">\n\t\t\t\t<div class=\"elementor-element elementor-element-f74bb71 e-flex e-con-boxed e-con e-parent\" data-id=\"f74bb71\" data-element_type=\"container\" data-settings=\"{&quot;background_background&quot;:&quot;classic&quot;}\">\n\t\t\t\t\t<div class=\"e-con-inner\">\n\t\t<div class=\"elementor-element elementor-element-d24eabf e-con-full e-flex e-con e-child\" data-id=\"d24eabf\" data-element_type=\"container\">\n\t\t\t\t<div class=\"elementor-element elementor-element-e3a7aa5 elementor-widget__width-initial elementor-widget-tablet__width-inherit elementor-widget elementor-widget-heading\" data-id=\"e3a7aa5\" data-element_type=\"widget\" data-widget_type=\"heading.default\">\n\t\t\t\t<div class=\"elementor-widget-container\">\n\t\t\t\t\t<h1 class=\"elementor-heading-title elementor-size-default\">Pol\u00edtica de privadesa<\/h1>\t\t\t\t<\/div>\n\t\t\t\t<\/div>\n\t\t\t\t<\/div>\n\t\t\t\t\t<\/div>\n\t\t\t\t<\/div>\n\t\t<div class=\"elementor-element elementor-element-b5594f7 e-flex e-con-boxed e-con e-parent\" data-id=\"b5594f7\" data-element_type=\"container\">\n\t\t\t\t\t<div class=\"e-con-inner\">\n\t\t\t\t<div class=\"elementor-element elementor-element-952d321 elementor-widget elementor-widget-text-editor\" data-id=\"952d321\" data-element_type=\"widget\" data-widget_type=\"text-editor.default\">\n\t\t\t\t<div class=\"elementor-widget-container\">\n\t\t\t\t\t\t\t\t\t<p data-start=\"1755\" data-end=\"1896\">En compliment del Reglament (UE) 2016\/679 de Protecci\u00f3 de Dades (RGPD) i la Llei Org\u00e0nica 3\/2018 (LOPDGDD), us informem del seg\u00fcent:<\/p><p data-start=\"1898\" data-end=\"2044\"><strong data-start=\"1898\" data-end=\"1930\">Responsable del tractament:<\/strong><br data-start=\"1930\" data-end=\"1933\" \/>VIPAU Centre m\u00e8dic i est\u00e8tica avan\u00e7ada a Sabadell, NIF [NIF], amb domicili a <span style=\"font-weight: 400;\">Carrer Francesc Layret, 3, 08208 Sabadell, Barcelona<\/span>, correu electr\u00f2nic: info@medicinaesteticavipau.com.<\/p><p data-start=\"2046\" data-end=\"2275\"><strong data-start=\"2046\" data-end=\"2076\">Finalitat del tractament:<\/strong><br data-start=\"2076\" data-end=\"2079\" \/>\u2013 Gestionar les sol\u00b7licituds d&#039;informaci\u00f3, les cites i les consultes realitzades a trav\u00e9s d&#039;aquest lloc web.<br data-start=\"2179\" data-end=\"2182\" \/>\u2013 Enviar comunicacions relacionades amb els nostres serveis si ens ha donat el consentiment.<\/p><p data-start=\"2277\" data-end=\"2433\"><strong data-start=\"2277\" data-end=\"2294\">Legitimaci\u00f3:<\/strong><br data-start=\"2294\" data-end=\"2297\" \/>El tractament de les vostres dades es basa en el consentiment de l&#039;interessat en omplir els formularis de contacte o en fer consultes.<\/p><p data-start=\"2435\" data-end=\"2630\"><strong data-start=\"2435\" data-end=\"2465\">Conservaci\u00f3 de les dades:<\/strong><br data-start=\"2465\" data-end=\"2468\" \/>Les dades personals proporcionades es conservaran mentre es mantingui la relaci\u00f3 comercial o durant el temps necessari per complir obligacions legals.<\/p><p data-start=\"2632\" data-end=\"2708\"><strong data-start=\"2632\" data-end=\"2650\">Destinataris:<\/strong><br data-start=\"2650\" data-end=\"2653\" \/>No se cediran dades a tercers, llevat d&#039;obligaci\u00f3 legal.<\/p><p data-start=\"2710\" data-end=\"2934\"><strong data-start=\"2710\" data-end=\"2723\">Drets:<\/strong><br data-start=\"2723\" data-end=\"2726\" \/>Podeu exercir els vostres drets d&#039;acc\u00e9s, rectificaci\u00f3, supressi\u00f3, limitaci\u00f3 i oposici\u00f3 al tractament enviant un correu electr\u00f2nic a [correu de contacte], adjuntant c\u00f2pia del vostre DNI o document equivalent.<\/p><p data-start=\"2936\" data-end=\"3125\"><strong data-start=\"2936\" data-end=\"2963\">Seguretat de les dades:<\/strong><br data-start=\"2963\" data-end=\"2966\" \/>VIPAU Centre m\u00e8dic i est\u00e8tica avan\u00e7ada a Sabadell es compromet a l&#039;\u00fas responsable i confidencial de les dades, garantint-ne la seguretat d&#039;acord amb el que estableix la normativa vigent.<\/p>\t\t\t\t\t\t\t\t<\/div>\n\t\t\t\t<\/div>\n\t\t\t\t\t<\/div>\n\t\t\t\t<\/div>\n\t\t\t\t<\/div>","protected":false},"excerpt":{"rendered":"<p>En cumplimiento del Reglamento (UE) 2016\/679 de Protecci\u00f3n de Datos (RGPD) y la Ley Org\u00e1nica 3\/2018 (LOPDGDD), le informamos de [&hellip;]<\/p>","protected":false},"author":1,"featured_media":0,"parent":0,"menu_order":0,"comment_status":"closed","ping_status":"closed","template":"","meta":{"site-sidebar-layout":"no-sidebar","site-content-layout":"","ast-site-content-layout":"full-width-container","site-content-style":"default","site-sidebar-style":"default","ast-global-header-display":"","ast-banner-title-visibility":"","ast-main-header-display":"","ast-hfb-above-header-display":"","ast-hfb-below-header-display":"","ast-hfb-mobile-header-display":"","site-post-title":"disabled","ast-breadcrumbs-content":"","ast-featured-img":"disabled","footer-sml-layout":"","theme-transparent-header-meta":"","adv-header-id-meta":"","stick-header-meta":"","header-above-stick-meta":"","header-main-stick-meta":"","header-below-stick-meta":"","astra-migrate-meta-layouts":"default","ast-page-background-enabled":"default","ast-page-background-meta":{"desktop":{"background-color":"var(--ast-global-color-5)","background-image":"","background-repeat":"repeat","background-position":"center center","background-size":"auto","background-attachment":"scroll","background-type":"","background-media":"","overlay-type":"","overlay-color":"","overlay-opacity":"","overlay-gradient":""},"tablet":{"background-color":"","background-image":"","background-repeat":"repeat","background-position":"center center","background-size":"auto","background-attachment":"scroll","background-type":"","background-media":"","overlay-type":"","overlay-color":"","overlay-opacity":"","overlay-gradient":""},"mobile":{"background-color":"","background-image":"","background-repeat":"repeat","background-position":"center center","background-size":"auto","background-attachment":"scroll","background-type":"","background-media":"","overlay-type":"","overlay-color":"","overlay-opacity":"","overlay-gradient":""}},"ast-content-background-meta":{"desktop":{"background-color":"var(--ast-global-color-4)","background-image":"","background-repeat":"repeat","background-position":"center center","background-size":"auto","background-attachment":"scroll","background-type":"","background-media":"","overlay-type":"","overlay-color":"","overlay-opacity":"","overlay-gradient":""},"tablet":{"background-color":"var(--ast-global-color-4)","background-image":"","background-repeat":"repeat","background-position":"center center","background-size":"auto","background-attachment":"scroll","background-type":"","background-media":"","overlay-type":"","overlay-color":"","overlay-opacity":"","overlay-gradient":""},"mobile":{"background-color":"var(--ast-global-color-4)","background-image":"","background-repeat":"repeat","background-position":"center center","background-size":"auto","background-attachment":"scroll","background-type":"","background-media":"","overlay-type":"","overlay-color":"","overlay-opacity":"","overlay-gradient":""}},"_joinchat":[],"footnotes":""},"class_list":["post-697","page","type-page","status-publish","hentry"],"yoast_head":"<!-- This site is optimized with the Yoast SEO plugin v26.1.1 - https:\/\/yoast.com\/wordpress\/plugins\/seo\/ -->\n<title>Pol\u00edtica de privacidad - VIPAU Sabadell<\/title>\n<meta name=\"robots\" content=\"index, follow, max-snippet:-1, max-image-preview:large, max-video-preview:-1\" \/>\n<link rel=\"canonical\" href=\"https:\/\/medicinaesteticavipau.com\/ca\/politica-de-privacidad\/\" \/>\n<meta property=\"og:locale\" content=\"ca_ES\" \/>\n<meta property=\"og:type\" content=\"article\" \/>\n<meta property=\"og:title\" content=\"Pol\u00edtica de privacidad - VIPAU Sabadell\" \/>\n<meta property=\"og:description\" content=\"En cumplimiento del Reglamento (UE) 2016\/679 de Protecci\u00f3n de Datos (RGPD) y la Ley Org\u00e1nica 3\/2018 (LOPDGDD), le informamos de [&hellip;]\" \/>\n<meta property=\"og:url\" content=\"https:\/\/medicinaesteticavipau.com\/ca\/politica-de-privacidad\/\" \/>\n<meta property=\"og:site_name\" content=\"VIPAU Sabadell\" \/>\n<meta property=\"article:modified_time\" content=\"2025-07-04T21:39:59+00:00\" \/>\n<meta name=\"twitter:card\" content=\"summary_large_image\" \/>\n<meta name=\"twitter:label1\" content=\"Temps estimat de lectura\" \/>\n\t<meta name=\"twitter:data1\" content=\"1 minut\" \/>\n<script type=\"application\/ld+json\" class=\"yoast-schema-graph\">{\"@context\":\"https:\/\/schema.org\",\"@graph\":[{\"@type\":\"WebPage\",\"@id\":\"https:\/\/medicinaesteticavipau.com\/politica-de-privacidad\/\",\"url\":\"https:\/\/medicinaesteticavipau.com\/politica-de-privacidad\/\",\"name\":\"Pol\u00edtica de privacidad - VIPAU Sabadell\",\"isPartOf\":{\"@id\":\"https:\/\/medicinaesteticavipau.com\/#website\"},\"datePublished\":\"2025-06-26T21:23:10+00:00\",\"dateModified\":\"2025-07-04T21:39:59+00:00\",\"breadcrumb\":{\"@id\":\"https:\/\/medicinaesteticavipau.com\/politica-de-privacidad\/#breadcrumb\"},\"inLanguage\":\"ca\",\"potentialAction\":[{\"@type\":\"ReadAction\",\"target\":[\"https:\/\/medicinaesteticavipau.com\/politica-de-privacidad\/\"]}]},{\"@type\":\"BreadcrumbList\",\"@id\":\"https:\/\/medicinaesteticavipau.com\/politica-de-privacidad\/#breadcrumb\",\"itemListElement\":[{\"@type\":\"ListItem\",\"position\":1,\"name\":\"Portada\",\"item\":\"https:\/\/medicinaesteticavipau.com\/\"},{\"@type\":\"ListItem\",\"position\":2,\"name\":\"Pol\u00edtica de privacidad\"}]},{\"@type\":\"WebSite\",\"@id\":\"https:\/\/medicinaesteticavipau.com\/#website\",\"url\":\"https:\/\/medicinaesteticavipau.com\/\",\"name\":\"VIPAU Sabadell\",\"description\":\"Centre m\u00e9dic i est\u00e9tica avan\u00e7ada\",\"publisher\":{\"@id\":\"https:\/\/medicinaesteticavipau.com\/#organization\"},\"potentialAction\":[{\"@type\":\"SearchAction\",\"target\":{\"@type\":\"EntryPoint\",\"urlTemplate\":\"https:\/\/medicinaesteticavipau.com\/?s={search_term_string}\"},\"query-input\":{\"@type\":\"PropertyValueSpecification\",\"valueRequired\":true,\"valueName\":\"search_term_string\"}}],\"inLanguage\":\"ca\"},{\"@type\":\"Organization\",\"@id\":\"https:\/\/medicinaesteticavipau.com\/#organization\",\"name\":\"VIPAU Sabadell\",\"url\":\"https:\/\/medicinaesteticavipau.com\/\",\"logo\":{\"@type\":\"ImageObject\",\"inLanguage\":\"ca\",\"@id\":\"https:\/\/medicinaesteticavipau.com\/#\/schema\/logo\/image\/\",\"url\":\"https:\/\/medicinaesteticavipau.com\/wp-content\/uploads\/2025\/06\/cropped-Vipau-logo-scaled-1.png\",\"contentUrl\":\"https:\/\/medicinaesteticavipau.com\/wp-content\/uploads\/2025\/06\/cropped-Vipau-logo-scaled-1.png\",\"width\":2557,\"height\":2090,\"caption\":\"VIPAU Sabadell\"},\"image\":{\"@id\":\"https:\/\/medicinaesteticavipau.com\/#\/schema\/logo\/image\/\"}}]}<\/script>\n<!-- \/ Yoast SEO plugin. -->","yoast_head_json":{"title":"Pol\u00edtica de privacidad - VIPAU Sabadell","robots":{"index":"index","follow":"follow","max-snippet":"max-snippet:-1","max-image-preview":"max-image-preview:large","max-video-preview":"max-video-preview:-1"},"canonical":"https:\/\/medicinaesteticavipau.com\/ca\/politica-de-privacidad\/","og_locale":"ca_ES","og_type":"article","og_title":"Pol\u00edtica de privacidad - VIPAU Sabadell","og_description":"En cumplimiento del Reglamento (UE) 2016\/679 de Protecci\u00f3n de Datos (RGPD) y la Ley Org\u00e1nica 3\/2018 (LOPDGDD), le informamos de [&hellip;]","og_url":"https:\/\/medicinaesteticavipau.com\/ca\/politica-de-privacidad\/","og_site_name":"VIPAU Sabadell","article_modified_time":"2025-07-04T21:39:59+00:00","twitter_card":"summary_large_image","twitter_misc":{"Temps estimat de lectura":"1 minut"},"schema":{"@context":"https:\/\/schema.org","@graph":[{"@type":"WebPage","@id":"https:\/\/medicinaesteticavipau.com\/politica-de-privacidad\/","url":"https:\/\/medicinaesteticavipau.com\/politica-de-privacidad\/","name":"Pol\u00edtica de privacidad - VIPAU Sabadell","isPartOf":{"@id":"https:\/\/medicinaesteticavipau.com\/#website"},"datePublished":"2025-06-26T21:23:10+00:00","dateModified":"2025-07-04T21:39:59+00:00","breadcrumb":{"@id":"https:\/\/medicinaesteticavipau.com\/politica-de-privacidad\/#breadcrumb"},"inLanguage":"ca","potentialAction":[{"@type":"ReadAction","target":["https:\/\/medicinaesteticavipau.com\/politica-de-privacidad\/"]}]},{"@type":"BreadcrumbList","@id":"https:\/\/medicinaesteticavipau.com\/politica-de-privacidad\/#breadcrumb","itemListElement":[{"@type":"ListItem","position":1,"name":"Portada","item":"https:\/\/medicinaesteticavipau.com\/"},{"@type":"ListItem","position":2,"name":"Pol\u00edtica de privacidad"}]},{"@type":"WebSite","@id":"https:\/\/medicinaesteticavipau.com\/#website","url":"https:\/\/medicinaesteticavipau.com\/","name":"VIPAU Sabadell","description":"Centre m\u00e8dic i est\u00e8tica avanzada","publisher":{"@id":"https:\/\/medicinaesteticavipau.com\/#organization"},"potentialAction":[{"@type":"SearchAction","target":{"@type":"EntryPoint","urlTemplate":"https:\/\/medicinaesteticavipau.com\/?s={search_term_string}"},"query-input":{"@type":"PropertyValueSpecification","valueRequired":true,"valueName":"search_term_string"}}],"inLanguage":"ca"},{"@type":"Organization","@id":"https:\/\/medicinaesteticavipau.com\/#organization","name":"VIPAU Sabadell","url":"https:\/\/medicinaesteticavipau.com\/","logo":{"@type":"ImageObject","inLanguage":"ca","@id":"https:\/\/medicinaesteticavipau.com\/#\/schema\/logo\/image\/","url":"https:\/\/medicinaesteticavipau.com\/wp-content\/uploads\/2025\/06\/cropped-Vipau-logo-scaled-1.png","contentUrl":"https:\/\/medicinaesteticavipau.com\/wp-content\/uploads\/2025\/06\/cropped-Vipau-logo-scaled-1.png","width":2557,"height":2090,"caption":"VIPAU Sabadell"},"image":{"@id":"https:\/\/medicinaesteticavipau.com\/#\/schema\/logo\/image\/"}}]}},"_links":{"self":[{"href":"https:\/\/medicinaesteticavipau.com\/ca\/wp-json\/wp\/v2\/pages\/697","targetHints":{"allow":["GET"]}}],"collection":[{"href":"https:\/\/medicinaesteticavipau.com\/ca\/wp-json\/wp\/v2\/pages"}],"about":[{"href":"https:\/\/medicinaesteticavipau.com\/ca\/wp-json\/wp\/v2\/types\/page"}],"author":[{"embeddable":true,"href":"https:\/\/medicinaesteticavipau.com\/ca\/wp-json\/wp\/v2\/users\/1"}],"replies":[{"embeddable":true,"href":"https:\/\/medicinaesteticavipau.com\/ca\/wp-json\/wp\/v2\/comments?post=697"}],"version-history":[{"count":14,"href":"https:\/\/medicinaesteticavipau.com\/ca\/wp-json\/wp\/v2\/pages\/697\/revisions"}],"predecessor-version":[{"id":990,"href":"https:\/\/medicinaesteticavipau.com\/ca\/wp-json\/wp\/v2\/pages\/697\/revisions\/990"}],"wp:attachment":[{"href":"https:\/\/medicinaesteticavipau.com\/ca\/wp-json\/wp\/v2\/media?parent=697"}],"curies":[{"name":"wp","href":"https:\/\/api.w.org\/{rel}","templated":true}]}}