{"id":699,"date":"2025-06-26T21:23:22","date_gmt":"2025-06-26T21:23:22","guid":{"rendered":"https:\/\/medicinaesteticavipau.com\/?page_id=699"},"modified":"2025-07-04T21:41:00","modified_gmt":"2025-07-04T21:41:00","slug":"mapa-web","status":"publish","type":"page","link":"https:\/\/medicinaesteticavipau.com\/ca\/mapa-web\/","title":{"rendered":"Mapa web"},"content":{"rendered":"<div data-elementor-type=\"wp-page\" data-elementor-id=\"699\" class=\"elementor elementor-699\" data-elementor-post-type=\"page\">\n\t\t\t\t<div class=\"elementor-element elementor-element-da5fbe0 e-flex e-con-boxed e-con e-parent\" data-id=\"da5fbe0\" data-element_type=\"container\" data-settings=\"{&quot;background_background&quot;:&quot;classic&quot;}\">\n\t\t\t\t\t<div class=\"e-con-inner\">\n\t\t<div class=\"elementor-element elementor-element-78efa0b e-con-full e-flex e-con e-child\" data-id=\"78efa0b\" data-element_type=\"container\">\n\t\t\t\t<div class=\"elementor-element elementor-element-f1a1aea elementor-widget__width-initial elementor-widget-tablet__width-inherit elementor-widget elementor-widget-heading\" data-id=\"f1a1aea\" data-element_type=\"widget\" data-widget_type=\"heading.default\">\n\t\t\t\t<div class=\"elementor-widget-container\">\n\t\t\t\t\t<h1 class=\"elementor-heading-title elementor-size-default\">Mapa web<\/h1>\t\t\t\t<\/div>\n\t\t\t\t<\/div>\n\t\t\t\t<\/div>\n\t\t\t\t\t<\/div>\n\t\t\t\t<\/div>\n\t\t<div class=\"elementor-element elementor-element-c6e6a44 e-flex e-con-boxed e-con e-parent\" data-id=\"c6e6a44\" data-element_type=\"container\">\n\t\t\t\t\t<div class=\"e-con-inner\">\n\t\t\t\t<div class=\"elementor-element elementor-element-0b6a211 elementor-widget elementor-widget-sitemap\" data-id=\"0b6a211\" data-element_type=\"widget\" data-widget_type=\"sitemap.default\">\n\t\t\t\t<div class=\"elementor-widget-container\">\n\t\t\t\t\t<div class=\"elementor-sitemap-wrap\"><div class=\"elementor-sitemap-section\"><h2 class=\"elementor-sitemap-title elementor-sitemap-page-title\">P\u00e0gines<\/h2><ul class=\"elementor-sitemap-list elementor-sitemap-page-list\"><li class=\"elementor-sitemap-item elementor-sitemap-item-page page_item page-item-699 menu-item\"><a href=\"https:\/\/medicinaesteticavipau.com\/ca\/mapa-web\/\" class=\"elementor-sitemap-item elementor-sitemap-item-page menu-link\">Mapa web<\/a><\/li><li class=\"elementor-sitemap-item elementor-sitemap-item-page page_item page-item-697 menu-item\"><a href=\"https:\/\/medicinaesteticavipau.com\/ca\/politica-de-privacidad\/\" class=\"elementor-sitemap-item elementor-sitemap-item-page menu-link\">Pol\u00edtica de privadesa<\/a><\/li><li class=\"elementor-sitemap-item elementor-sitemap-item-page page_item page-item-695 menu-item\"><a href=\"https:\/\/medicinaesteticavipau.com\/ca\/politica-de-cookies\/\" class=\"elementor-sitemap-item elementor-sitemap-item-page menu-link\">Pol\u00edtica de cookies<\/a><\/li><li class=\"elementor-sitemap-item elementor-sitemap-item-page page_item page-item-693 menu-item\"><a href=\"https:\/\/medicinaesteticavipau.com\/ca\/declaracion-de-accesibilidad\/\" class=\"elementor-sitemap-item elementor-sitemap-item-page menu-link\">Declaraci\u00f3 d&#039;accessibilitat<\/a><\/li><li class=\"elementor-sitemap-item elementor-sitemap-item-page page_item page-item-691 menu-item\"><a href=\"https:\/\/medicinaesteticavipau.com\/ca\/aviso-legal\/\" class=\"elementor-sitemap-item elementor-sitemap-item-page menu-link\">Av\u00eds legal<\/a><\/li><li class=\"elementor-sitemap-item elementor-sitemap-item-page page_item page-item-43 menu-item\"><a href=\"https:\/\/medicinaesteticavipau.com\/ca\/contacto\/\" class=\"elementor-sitemap-item elementor-sitemap-item-page menu-link\">Contacte<\/a><\/li><li class=\"elementor-sitemap-item elementor-sitemap-item-page page_item page-item-41 current_page_parent menu-item current-menu-parent\"><a href=\"https:\/\/medicinaesteticavipau.com\/ca\/blog\/\" class=\"elementor-sitemap-item elementor-sitemap-item-page menu-link\">Blog<\/a><\/li><li class=\"elementor-sitemap-item elementor-sitemap-item-page page_item page-item-39 menu-item\"><a href=\"https:\/\/medicinaesteticavipau.com\/ca\/centro-de-estetica\/\" class=\"elementor-sitemap-item elementor-sitemap-item-page menu-link\">Centre d&#039;est\u00e8tica<\/a><\/li><li class=\"elementor-sitemap-item elementor-sitemap-item-page page_item page-item-37 menu-item\"><a href=\"https:\/\/medicinaesteticavipau.com\/ca\/atencion-primaria\/\" class=\"elementor-sitemap-item elementor-sitemap-item-page menu-link\">Atenci\u00f3 prim\u00e0ria<\/a><\/li><li class=\"elementor-sitemap-item elementor-sitemap-item-page page_item page-item-35 menu-item\"><a href=\"https:\/\/medicinaesteticavipau.com\/ca\/nosotros\/\" class=\"elementor-sitemap-item elementor-sitemap-item-page menu-link\">Nosaltres<\/a><\/li><li class=\"elementor-sitemap-item elementor-sitemap-item-page page_item page-item-31 menu-item\"><a href=\"https:\/\/medicinaesteticavipau.com\/ca\/\" class=\"elementor-sitemap-item elementor-sitemap-item-page menu-link\">Inici<\/a><\/li><\/ul><\/div><div class=\"elementor-sitemap-section\"><h2 class=\"elementor-sitemap-title elementor-sitemap-category-title\">Categories<\/h2><ul class=\"elementor-sitemap-list elementor-sitemap-category-list\">\t<li class=\"elementor-sitemap-item elementor-sitemap-item-category cat-item cat-item-1\"><a href=\"https:\/\/medicinaesteticavipau.com\/ca\/category\/uncategorized\/\">Uncategorized<\/a>\n<\/li>\n\t<li class=\"elementor-sitemap-item elementor-sitemap-item-category cat-item cat-item-14\"><a href=\"https:\/\/medicinaesteticavipau.com\/ca\/category\/blog\/\">Blog<\/a>\n<\/li>\n<\/ul><\/div><\/div>\t\t\t\t<\/div>\n\t\t\t\t<\/div>\n\t\t\t\t\t<\/div>\n\t\t\t\t<\/div>\n\t\t\t\t<\/div>","protected":false},"excerpt":{"rendered":"","protected":false},"author":1,"featured_media":0,"parent":0,"menu_order":0,"comment_status":"closed","ping_status":"closed","template":"","meta":{"site-sidebar-layout":"no-sidebar","site-content-layout":"","ast-site-content-layout":"full-width-container","site-content-style":"default","site-sidebar-style":"default","ast-global-header-display":"","ast-banner-title-visibility":"","ast-main-header-display":"","ast-hfb-above-header-display":"","ast-hfb-below-header-display":"","ast-hfb-mobile-header-display":"","site-post-title":"disabled","ast-breadcrumbs-content":"","ast-featured-img":"disabled","footer-sml-layout":"","theme-transparent-header-meta":"","adv-header-id-meta":"","stick-header-meta":"","header-above-stick-meta":"","header-main-stick-meta":"","header-below-stick-meta":"","astra-migrate-meta-layouts":"default","ast-page-background-enabled":"default","ast-page-background-meta":{"desktop":{"background-color":"var(--ast-global-color-5)","background-image":"","background-repeat":"repeat","background-position":"center center","background-size":"auto","background-attachment":"scroll","background-type":"","background-media":"","overlay-type":"","overlay-color":"","overlay-opacity":"","overlay-gradient":""},"tablet":{"background-color":"","background-image":"","background-repeat":"repeat","background-position":"center center","background-size":"auto","background-attachment":"scroll","background-type":"","background-media":"","overlay-type":"","overlay-color":"","overlay-opacity":"","overlay-gradient":""},"mobile":{"background-color":"","background-image":"","background-repeat":"repeat","background-position":"center center","background-size":"auto","background-attachment":"scroll","background-type":"","background-media":"","overlay-type":"","overlay-color":"","overlay-opacity":"","overlay-gradient":""}},"ast-content-background-meta":{"desktop":{"background-color":"var(--ast-global-color-4)","background-image":"","background-repeat":"repeat","background-position":"center center","background-size":"auto","background-attachment":"scroll","background-type":"","background-media":"","overlay-type":"","overlay-color":"","overlay-opacity":"","overlay-gradient":""},"tablet":{"background-color":"var(--ast-global-color-4)","background-image":"","background-repeat":"repeat","background-position":"center center","background-size":"auto","background-attachment":"scroll","background-type":"","background-media":"","overlay-type":"","overlay-color":"","overlay-opacity":"","overlay-gradient":""},"mobile":{"background-color":"var(--ast-global-color-4)","background-image":"","background-repeat":"repeat","background-position":"center center","background-size":"auto","background-attachment":"scroll","background-type":"","background-media":"","overlay-type":"","overlay-color":"","overlay-opacity":"","overlay-gradient":""}},"_joinchat":[],"footnotes":""},"class_list":["post-699","page","type-page","status-publish","hentry"],"yoast_head":"<!-- This site is optimized with the Yoast SEO plugin v26.1.1 - https:\/\/yoast.com\/wordpress\/plugins\/seo\/ -->\n<title>Mapa web - VIPAU Sabadell<\/title>\n<meta name=\"robots\" content=\"index, follow, max-snippet:-1, max-image-preview:large, max-video-preview:-1\" \/>\n<link rel=\"canonical\" href=\"https:\/\/medicinaesteticavipau.com\/ca\/mapa-web\/\" \/>\n<meta property=\"og:locale\" content=\"ca_ES\" \/>\n<meta property=\"og:type\" content=\"article\" \/>\n<meta property=\"og:title\" content=\"Mapa web - VIPAU Sabadell\" \/>\n<meta property=\"og:url\" content=\"https:\/\/medicinaesteticavipau.com\/ca\/mapa-web\/\" \/>\n<meta property=\"og:site_name\" content=\"VIPAU Sabadell\" \/>\n<meta property=\"article:modified_time\" content=\"2025-07-04T21:41:00+00:00\" \/>\n<meta name=\"twitter:card\" content=\"summary_large_image\" \/>\n<script type=\"application\/ld+json\" class=\"yoast-schema-graph\">{\"@context\":\"https:\/\/schema.org\",\"@graph\":[{\"@type\":\"WebPage\",\"@id\":\"https:\/\/medicinaesteticavipau.com\/mapa-web\/\",\"url\":\"https:\/\/medicinaesteticavipau.com\/mapa-web\/\",\"name\":\"Mapa web - VIPAU Sabadell\",\"isPartOf\":{\"@id\":\"https:\/\/medicinaesteticavipau.com\/#website\"},\"datePublished\":\"2025-06-26T21:23:22+00:00\",\"dateModified\":\"2025-07-04T21:41:00+00:00\",\"breadcrumb\":{\"@id\":\"https:\/\/medicinaesteticavipau.com\/mapa-web\/#breadcrumb\"},\"inLanguage\":\"ca\",\"potentialAction\":[{\"@type\":\"ReadAction\",\"target\":[\"https:\/\/medicinaesteticavipau.com\/mapa-web\/\"]}]},{\"@type\":\"BreadcrumbList\",\"@id\":\"https:\/\/medicinaesteticavipau.com\/mapa-web\/#breadcrumb\",\"itemListElement\":[{\"@type\":\"ListItem\",\"position\":1,\"name\":\"Portada\",\"item\":\"https:\/\/medicinaesteticavipau.com\/\"},{\"@type\":\"ListItem\",\"position\":2,\"name\":\"Mapa web\"}]},{\"@type\":\"WebSite\",\"@id\":\"https:\/\/medicinaesteticavipau.com\/#website\",\"url\":\"https:\/\/medicinaesteticavipau.com\/\",\"name\":\"VIPAU Sabadell\",\"description\":\"Centre m\u00e9dic i est\u00e9tica avan\u00e7ada\",\"publisher\":{\"@id\":\"https:\/\/medicinaesteticavipau.com\/#organization\"},\"potentialAction\":[{\"@type\":\"SearchAction\",\"target\":{\"@type\":\"EntryPoint\",\"urlTemplate\":\"https:\/\/medicinaesteticavipau.com\/?s={search_term_string}\"},\"query-input\":{\"@type\":\"PropertyValueSpecification\",\"valueRequired\":true,\"valueName\":\"search_term_string\"}}],\"inLanguage\":\"ca\"},{\"@type\":\"Organization\",\"@id\":\"https:\/\/medicinaesteticavipau.com\/#organization\",\"name\":\"VIPAU Sabadell\",\"url\":\"https:\/\/medicinaesteticavipau.com\/\",\"logo\":{\"@type\":\"ImageObject\",\"inLanguage\":\"ca\",\"@id\":\"https:\/\/medicinaesteticavipau.com\/#\/schema\/logo\/image\/\",\"url\":\"https:\/\/medicinaesteticavipau.com\/wp-content\/uploads\/2025\/06\/cropped-Vipau-logo-scaled-1.png\",\"contentUrl\":\"https:\/\/medicinaesteticavipau.com\/wp-content\/uploads\/2025\/06\/cropped-Vipau-logo-scaled-1.png\",\"width\":2557,\"height\":2090,\"caption\":\"VIPAU Sabadell\"},\"image\":{\"@id\":\"https:\/\/medicinaesteticavipau.com\/#\/schema\/logo\/image\/\"}}]}<\/script>\n<!-- \/ Yoast SEO plugin. -->","yoast_head_json":{"title":"Mapa web - VIPAU Sabadell","robots":{"index":"index","follow":"follow","max-snippet":"max-snippet:-1","max-image-preview":"max-image-preview:large","max-video-preview":"max-video-preview:-1"},"canonical":"https:\/\/medicinaesteticavipau.com\/ca\/mapa-web\/","og_locale":"ca_ES","og_type":"article","og_title":"Mapa web - VIPAU Sabadell","og_url":"https:\/\/medicinaesteticavipau.com\/ca\/mapa-web\/","og_site_name":"VIPAU Sabadell","article_modified_time":"2025-07-04T21:41:00+00:00","twitter_card":"summary_large_image","schema":{"@context":"https:\/\/schema.org","@graph":[{"@type":"WebPage","@id":"https:\/\/medicinaesteticavipau.com\/mapa-web\/","url":"https:\/\/medicinaesteticavipau.com\/mapa-web\/","name":"Mapa web - VIPAU Sabadell","isPartOf":{"@id":"https:\/\/medicinaesteticavipau.com\/#website"},"datePublished":"2025-06-26T21:23:22+00:00","dateModified":"2025-07-04T21:41:00+00:00","breadcrumb":{"@id":"https:\/\/medicinaesteticavipau.com\/mapa-web\/#breadcrumb"},"inLanguage":"ca","potentialAction":[{"@type":"ReadAction","target":["https:\/\/medicinaesteticavipau.com\/mapa-web\/"]}]},{"@type":"BreadcrumbList","@id":"https:\/\/medicinaesteticavipau.com\/mapa-web\/#breadcrumb","itemListElement":[{"@type":"ListItem","position":1,"name":"Portada","item":"https:\/\/medicinaesteticavipau.com\/"},{"@type":"ListItem","position":2,"name":"Mapa web"}]},{"@type":"WebSite","@id":"https:\/\/medicinaesteticavipau.com\/#website","url":"https:\/\/medicinaesteticavipau.com\/","name":"VIPAU Sabadell","description":"Centre m\u00e8dic i est\u00e8tica avanzada","publisher":{"@id":"https:\/\/medicinaesteticavipau.com\/#organization"},"potentialAction":[{"@type":"SearchAction","target":{"@type":"EntryPoint","urlTemplate":"https:\/\/medicinaesteticavipau.com\/?s={search_term_string}"},"query-input":{"@type":"PropertyValueSpecification","valueRequired":true,"valueName":"search_term_string"}}],"inLanguage":"ca"},{"@type":"Organization","@id":"https:\/\/medicinaesteticavipau.com\/#organization","name":"VIPAU Sabadell","url":"https:\/\/medicinaesteticavipau.com\/","logo":{"@type":"ImageObject","inLanguage":"ca","@id":"https:\/\/medicinaesteticavipau.com\/#\/schema\/logo\/image\/","url":"https:\/\/medicinaesteticavipau.com\/wp-content\/uploads\/2025\/06\/cropped-Vipau-logo-scaled-1.png","contentUrl":"https:\/\/medicinaesteticavipau.com\/wp-content\/uploads\/2025\/06\/cropped-Vipau-logo-scaled-1.png","width":2557,"height":2090,"caption":"VIPAU Sabadell"},"image":{"@id":"https:\/\/medicinaesteticavipau.com\/#\/schema\/logo\/image\/"}}]}},"_links":{"self":[{"href":"https:\/\/medicinaesteticavipau.com\/ca\/wp-json\/wp\/v2\/pages\/699","targetHints":{"allow":["GET"]}}],"collection":[{"href":"https:\/\/medicinaesteticavipau.com\/ca\/wp-json\/wp\/v2\/pages"}],"about":[{"href":"https:\/\/medicinaesteticavipau.com\/ca\/wp-json\/wp\/v2\/types\/page"}],"author":[{"embeddable":true,"href":"https:\/\/medicinaesteticavipau.com\/ca\/wp-json\/wp\/v2\/users\/1"}],"replies":[{"embeddable":true,"href":"https:\/\/medicinaesteticavipau.com\/ca\/wp-json\/wp\/v2\/comments?post=699"}],"version-history":[{"count":17,"href":"https:\/\/medicinaesteticavipau.com\/ca\/wp-json\/wp\/v2\/pages\/699\/revisions"}],"predecessor-version":[{"id":999,"href":"https:\/\/medicinaesteticavipau.com\/ca\/wp-json\/wp\/v2\/pages\/699\/revisions\/999"}],"wp:attachment":[{"href":"https:\/\/medicinaesteticavipau.com\/ca\/wp-json\/wp\/v2\/media?parent=699"}],"curies":[{"name":"wp","href":"https:\/\/api.w.org\/{rel}","templated":true}]}}